{"id":230,"date":"2020-12-08T12:03:28","date_gmt":"2020-12-08T12:03:28","guid":{"rendered":"https:\/\/development.frisch-positiv.de\/AH_Gerecke\/?page_id=230"},"modified":"2025-09-18T09:11:05","modified_gmt":"2025-09-18T09:11:05","slug":"angebote","status":"publish","type":"page","link":"https:\/\/autohaus-gerecke.de\/index.php\/angebote\/","title":{"rendered":"Angebote"},"content":{"rendered":"<div>\n<p>        <img decoding=\"async\" src=\"\/wp-content\/uploads\/2024\/09\/renault-nutzfahrzeuge-qrjc2ryr7cm4ly30v61ftf9jj6ebhw5b2e26n5ldfw-1.webp\" alt=\"\"><\/p>\n<h3>Angebote<\/h3>\n<\/div>\n<hr>\n<ul>\n<li>\n<p>        <img decoding=\"async\" src=\"\/wp-content\/uploads\/2021\/03\/1300353509_raedereinlagerung1.jpg\" alt=\"\"><\/p>\n<h3>R\u00e4dereinlagerung<\/h3>\n<p>(pro Satz \/ Saison) 24,90 \u20ac<\/p>\n<div>\n<div class=\"uk-grid-margin uk-container uk-container-xlarge\">\n<div class=\"tm-grid-expand uk-child-width-1-1 uk-grid uk-grid-stack\" uk-grid=\"\">\n<div class=\"uk-first-column\">\n<div class=\"uk-accordion\" uk-accordion=\"multiple: 1; collapsible: false;\" data-id=\"page#0-1-0-0\">\n<div class=\"el-item uk-open\">\n<div class=\"uk-accordion-content\">\n<div class=\"uk-child-width-expand uk-grid\" uk-grid=\"\">\n<div class=\"uk-margin-remove-first-child\">\n<div class=\"el-content uk-panel uk-margin-top\">\n<p>Wohin mit dem Satz Sommerreifen, den man gerade nicht ben\u00f6tigt? Im Haus nehmen sie viel Platz weg, sie sind schwer und unhandlich. Die L\u00f6sung f\u00fcr all diese Probleme ist unser Einlagerungsservice. Dabei werden Ihre Reifen bei uns eine Saison lang fach- und sachgerecht aufbewahrt. So bleibt die Qualit\u00e4t Ihrer Reifen erhalten.<\/p>\n<\/div>\n<\/div>\n<\/div>\n<\/div>\n<\/div>\n<\/div>\n<\/div>\n<\/div>\n<\/div>\n<\/div>\n<\/li>\n<li>\n<p>        <img decoding=\"async\" src=\"\/wp-content\/uploads\/2020\/11\/Reifenwechsel.png\" alt=\"\"><\/p>\n<h3>R\u00e4derwechsel<\/h3>\n<p>(Preis pro Satz, nur Pkw) 29,90 \u20ac<\/p>\n<div>\n<p>Mit welchem Drehmoment m\u00fcssen die Radmuttern angezogen werden? Welche Werte sind f\u00fcr die korrekte Einstellung des Luftdrucks zugrunde zu legen? Beim Reifenwechsel gibt es zahlreiche Fehlerquellen. Unsere erfahrenen Service-Profis sorgen daf\u00fcr, dass Sie sich auch weiterhin in jeder Situation hundertprozentig auf Ihr Fahrzeug verlassen k\u00f6nnen.<\/p>\n<div>\u00a0<\/div>\n<\/div>\n<\/li>\n<li>\n<p>        <img decoding=\"async\" src=\"\/wp-content\/uploads\/2020\/11\/Sommerreifen.png\" alt=\"\"><\/p>\n<h3>Winterreifen<\/h3>\n<p>AB 69,90\u20ac<\/p>\n<div>\n<p>Rechtzeitig zum Herbstbeginn sollten Sie\u00a0 wieder auf Winterreifen umr\u00fcsten. Denn nur Winterreifen sind speziell f\u00fcr den Einsatz auf vereisten oder nassen Fahrbahnen konzipiert und bieten Ihnen h\u00f6here Sicherheit als Sommerreifen. So halten Sie auch bei hohen Geschwindigkeiten und kurzen Lenkman\u00f6vern immer sicher die Spur.<\/p>\n<p>Aber optimale Reifen sind auch in anderer Hinsicht wichtig. So sorgt z. B. der richtige Reifendruck f\u00fcr einen wesentlich geringeren Benzinverbrauch. Und: Sie vermeiden damit einen \u00fcberdurchschnittlichen CO2-Aussto\u00df und belasten die Umwelt nicht mehr als n\u00f6tig.<br \/>Am besten vereinbaren Sie gleich einen Termin mit uns und profitieren auch von unseren weiteren attraktiven Service-Angeboten im Rahmen der Eco-Wochen. Wir freuen uns schon auf Ihren Besuch.<\/p>\n<\/div>\n<\/li>\n<li>\n<p>        <img decoding=\"async\" src=\"\/wp-content\/uploads\/2021\/03\/1300378656_hu.jpg\" alt=\"\"><\/p>\n<h3>Haupt- und Abgasuntersuchung<\/h3>\n<p>nur 149,00 \u20ac<\/p>\n<div>\n<p>Um Zeit und Geld zu sparen, checken wir Ihr Fahrzeug vor der Untersuchung kostenlos durch, damit es bei der Pr\u00fcfung keine b\u00f6se \u00dcberraschung gibt. Die Haupt und Abgasuntersuchung inc. Vorkontrolle gibt`s zum Festpreis von 149,00 \u20ac. Das Angebot gilt f\u00fcr Pkw aller Hersteller!!!<\/p>\n<\/div>\n<\/li>\n<\/ul>\n<p><!--more--><br \/>\n<!-- {\"name\":\"Categories\",\"type\":\"layout\",\"children\":[{\"type\":\"section\",\"props\":{\"image_position\":\"center-center\",\"image_size\":\"cover\",\"overlap\":false,\"padding\":\"small\",\"padding_remove_bottom\":true,\"padding_remove_top\":true,\"style\":\"default\",\"title_breakpoint\":\"xl\",\"title_position\":\"top-left\",\"title_rotation\":\"left\",\"vertical_align\":\"middle\",\"width\":\"\"},\"children\":[{\"type\":\"row\",\"props\":{\"margin_remove_top\":true},\"children\":[{\"type\":\"column\",\"props\":{\"image_position\":\"center-center\",\"position_sticky_breakpoint\":\"m\"},\"children\":[{\"type\":\"overlay\",\"props\":{\"image\":\"wp-content\\\/uploads\\\/2024\\\/09\\\/renault-nutzfahrzeuge-qrjc2ryr7cm4ly30v61ftf9jj6ebhw5b2e26n5ldfw-1.webp\",\"image_box_shadow\":\"xlarge\",\"image_height\":\"700\",\"image_width\":\"2500\",\"link_style\":\"default\",\"link_text\":\"Read more\",\"margin\":\"default\",\"meta_align\":\"below-title\",\"meta_element\":\"div\",\"meta_style\":\"text-meta\",\"overlay_hover\":false,\"overlay_mode\":\"cover\",\"overlay_position\":\"center\",\"overlay_style\":\"\",\"overlay_transition\":\"fade\",\"text_align\":\"center\",\"text_color\":\"light\",\"title\":\"Angebote\",\"title_element\":\"h3\",\"title_hover_style\":\"reset\",\"title_style\":\"heading-xlarge\"}}]}]}],\"name\":\"Categories\"},{\"type\":\"section\",\"props\":{\"image_position\":\"center-center\",\"style\":\"primary\",\"title_breakpoint\":\"xl\",\"title_position\":\"top-left\",\"title_rotation\":\"left\",\"vertical_align\":\"middle\",\"width\":\"default\"},\"children\":[{\"type\":\"row\",\"children\":[{\"type\":\"column\",\"props\":{\"image_position\":\"center-center\",\"position_sticky_breakpoint\":\"m\"},\"children\":[{\"type\":\"divider\",\"props\":{\"divider_element\":\"hr\"}},{\"type\":\"switcher\",\"props\":{\"content_column_breakpoint\":\"m\",\"image_align\":\"top\",\"image_border\":\"circle\",\"image_box_shadow\":\"medium\",\"image_grid_breakpoint\":\"m\",\"image_grid_width\":\"1-2\",\"image_svg_color\":\"emphasis\",\"link_style\":\"default\",\"link_text\":\"Read more\",\"margin\":\"\",\"meta_align\":\"below-title\",\"meta_color\":\"warning\",\"meta_element\":\"div\",\"meta_style\":\"h1\",\"nav\":\"subnav-pill\",\"nav_align\":\"left\",\"nav_grid_breakpoint\":\"m\",\"nav_grid_width\":\"auto\",\"nav_margin\":\"large\",\"nav_position\":\"top\",\"show_content\":true,\"show_image\":true,\"show_label\":true,\"show_link\":true,\"show_meta\":true,\"show_thumbnail\":true,\"show_title\":true,\"switcher_animation\":\"scale-up\",\"switcher_height\":true,\"thumbnav_height\":\"75\",\"thumbnav_svg_color\":\"emphasis\",\"thumbnav_width\":\"100\",\"title_align\":\"top\",\"title_decoration\":\"divider\",\"title_element\":\"h3\",\"title_grid_breakpoint\":\"m\",\"title_grid_width\":\"1-2\",\"title_style\":\"heading-medium\"},\"children\":[{\"type\":\"switcher_item\",\"props\":{\"content\":\"\n\n<div class=\\\"uk-grid-margin uk-container uk-container-xlarge\\\">\\n\n\n<div class=\\\"tm-grid-expand uk-child-width-1-1 uk-grid uk-grid-stack\\\" uk-grid=\\\"\\\">\\n\n\n<div class=\\\"uk-first-column\\\">\\n\n\n<div class=\\\"uk-accordion\\\" uk-accordion=\\\"multiple: 1; collapsible: false;\\\" data-id=\\\"page#0-1-0-0\\\">\\n\n\n<div class=\\\"el-item uk-open\\\">\\n\n\n<div class=\\\"uk-accordion-content\\\">\\n\n\n<div class=\\\"uk-child-width-expand uk-grid\\\" uk-grid=\\\"\\\">\\n\n\n<div class=\\\"uk-margin-remove-first-child\\\">\\n\n\n<div class=\\\"el-content uk-panel uk-margin-top\\\">\\n\n\n<p>Wohin mit dem Satz Sommerreifen, den man gerade nicht ben\\u00f6tigt? Im Haus nehmen sie viel Platz weg, sie sind schwer und unhandlich. Die L\\u00f6sung f\\u00fcr all diese Probleme ist unser Einlagerungsservice. Dabei werden Ihre Reifen bei uns eine Saison lang fach- und sachgerecht aufbewahrt. So bleibt die Qualit\\u00e4t Ihrer Reifen erhalten.<\\\/p>\\n<\\\/div>\\n<\\\/div>\\n<\\\/div>\\n<\\\/div>\\n<\\\/div>\\n<\\\/div>\\n<\\\/div>\\n<\\\/div>\\n<\\\/div>\",\"image\":\"wp-content\\\/uploads\\\/2021\\\/03\\\/1300353509_raedereinlagerung1.jpg\",\"meta\":\"(pro Satz \\\/ Saison) 24,90 \\u20ac\",\"title\":\"R\\u00e4dereinlagerung\"}},{\"type\":\"switcher_item\",\"props\":{\"content\":\"\n\n<p>Mit welchem Drehmoment m\\u00fcssen die Radmuttern angezogen werden? Welche Werte sind f\\u00fcr die korrekte Einstellung des Luftdrucks zugrunde zu legen? Beim Reifenwechsel gibt es zahlreiche Fehlerquellen. Unsere erfahrenen Service-Profis sorgen daf\\u00fcr, dass Sie sich auch weiterhin in jeder Situation hundertprozentig auf Ihr Fahrzeug verlassen k\\u00f6nnen.<\\\/p>\\n\n\n<div>\\u00a0<\\\/div>\",\"image\":\"wp-content\\\/uploads\\\/2020\\\/11\\\/Reifenwechsel.png\",\"meta\":\"(Preis pro Satz, nur Pkw) 29,90 \\u20ac\",\"title\":\"R\\u00e4derwechsel\"}},{\"type\":\"switcher_item\",\"props\":{\"content\":\"\n\n<p>Rechtzeitig zum Herbstbeginn sollten Sie\\u00a0 wieder auf Winterreifen umr\\u00fcsten. Denn nur Winterreifen sind speziell f\\u00fcr den Einsatz auf vereisten oder nassen Fahrbahnen konzipiert und bieten Ihnen h\\u00f6here Sicherheit als Sommerreifen. So halten Sie auch bei hohen Geschwindigkeiten und kurzen Lenkman\\u00f6vern immer sicher die Spur.<br \\\/><br \\\/>Aber optimale Reifen sind auch in anderer Hinsicht wichtig. So sorgt z. B. der richtige Reifendruck f\\u00fcr einen wesentlich geringeren Benzinverbrauch. Und: Sie vermeiden damit einen \\u00fcberdurchschnittlichen CO2-Aussto\\u00df und belasten die Umwelt nicht mehr als n\\u00f6tig.<br \\\/>Am besten vereinbaren Sie gleich einen Termin mit uns und profitieren auch von unseren weiteren attraktiven Service-Angeboten im Rahmen der Eco-Wochen. Wir freuen uns schon auf Ihren Besuch.<\\\/p>\",\"image\":\"wp-content\\\/uploads\\\/2020\\\/11\\\/Sommerreifen.png\",\"meta\":\"AB 69,90\\u20ac\",\"title\":\"Winterreifen\"}},{\"type\":\"switcher_item\",\"props\":{\"content\":\"\n\n<p>Um Zeit und Geld zu sparen, checken wir Ihr Fahrzeug vor der Untersuchung kostenlos durch, damit es bei der Pr\\u00fcfung keine b\\u00f6se \\u00dcberraschung gibt. Die Haupt und Abgasuntersuchung inc. Vorkontrolle gibt`s zum Festpreis von 149,00 \\u20ac. Das Angebot gilt f\\u00fcr Pkw aller Hersteller!!!<\\\/p>\",\"image\":\"wp-content\\\/uploads\\\/2021\\\/03\\\/1300378656_hu.jpg\",\"meta\":\"nur 149,00 \\u20ac\",\"title\":\"Haupt- und Abgasuntersuchung\"}}]}]}]}]}],\"version\":\"4.3.5\"} --><\/p>\n","protected":false},"excerpt":{"rendered":"<p>Angebote R\u00e4dereinlagerung (pro Satz \/ Saison) 24,90 \u20ac Wohin mit dem Satz Sommerreifen, den man gerade nicht ben\u00f6tigt? Im Haus nehmen sie viel Platz weg, sie sind schwer und unhandlich. Die L\u00f6sung f\u00fcr all diese Probleme ist unser Einlagerungsservice. Dabei werden Ihre Reifen bei uns eine Saison lang fach- und sachgerecht aufbewahrt. So bleibt die [&hellip;]<\/p>\n","protected":false},"author":1,"featured_media":0,"parent":0,"menu_order":0,"comment_status":"closed","ping_status":"closed","template":"","meta":{"footnotes":""},"class_list":["post-230","page","type-page","status-publish","hentry"],"yoast_head":"<!-- This site is optimized with the Yoast SEO plugin v20.1 - https:\/\/yoast.com\/wordpress\/plugins\/seo\/ -->\n<title>Angebote - Autohaus Gerecke<\/title>\n<meta name=\"robots\" content=\"index, follow, max-snippet:-1, max-image-preview:large, max-video-preview:-1\" \/>\n<link rel=\"canonical\" href=\"https:\/\/autohaus-gerecke.de\/index.php\/angebote\/\" \/>\n<meta property=\"og:locale\" content=\"de_DE\" \/>\n<meta property=\"og:type\" content=\"article\" \/>\n<meta property=\"og:title\" content=\"Angebote - Autohaus Gerecke\" \/>\n<meta property=\"og:description\" content=\"Angebote R\u00e4dereinlagerung (pro Satz \/ Saison) 24,90 \u20ac Wohin mit dem Satz Sommerreifen, den man gerade nicht ben\u00f6tigt? Im Haus nehmen sie viel Platz weg, sie sind schwer und unhandlich. Die L\u00f6sung f\u00fcr all diese Probleme ist unser Einlagerungsservice. Dabei werden Ihre Reifen bei uns eine Saison lang fach- und sachgerecht aufbewahrt. So bleibt die [&hellip;]\" \/>\n<meta property=\"og:url\" content=\"https:\/\/autohaus-gerecke.de\/index.php\/angebote\/\" \/>\n<meta property=\"og:site_name\" content=\"Autohaus Gerecke\" \/>\n<meta property=\"article:modified_time\" content=\"2025-09-18T09:11:05+00:00\" \/>\n<meta name=\"twitter:card\" content=\"summary_large_image\" \/>\n<meta name=\"twitter:label1\" content=\"Gesch\u00e4tzte Lesezeit\" \/>\n\t<meta name=\"twitter:data1\" content=\"1\u00a0Minute\" \/>\n<script type=\"application\/ld+json\" class=\"yoast-schema-graph\">{\"@context\":\"https:\/\/schema.org\",\"@graph\":[{\"@type\":\"WebPage\",\"@id\":\"https:\/\/autohaus-gerecke.de\/index.php\/angebote\/\",\"url\":\"https:\/\/autohaus-gerecke.de\/index.php\/angebote\/\",\"name\":\"Angebote - Autohaus Gerecke\",\"isPartOf\":{\"@id\":\"https:\/\/autohaus-gerecke.de\/#website\"},\"datePublished\":\"2020-12-08T12:03:28+00:00\",\"dateModified\":\"2025-09-18T09:11:05+00:00\",\"breadcrumb\":{\"@id\":\"https:\/\/autohaus-gerecke.de\/index.php\/angebote\/#breadcrumb\"},\"inLanguage\":\"de\",\"potentialAction\":[{\"@type\":\"ReadAction\",\"target\":[\"https:\/\/autohaus-gerecke.de\/index.php\/angebote\/\"]}]},{\"@type\":\"BreadcrumbList\",\"@id\":\"https:\/\/autohaus-gerecke.de\/index.php\/angebote\/#breadcrumb\",\"itemListElement\":[{\"@type\":\"ListItem\",\"position\":1,\"name\":\"Home\",\"item\":\"https:\/\/autohaus-gerecke.de\/\"},{\"@type\":\"ListItem\",\"position\":2,\"name\":\"Angebote\"}]},{\"@type\":\"WebSite\",\"@id\":\"https:\/\/autohaus-gerecke.de\/#website\",\"url\":\"https:\/\/autohaus-gerecke.de\/\",\"name\":\"Autohaus Gerecke\",\"description\":\"Renault- und Dacia-Partner \u2013 Freie KFZ-Werkstatt f\u00fcr alle Fabrikate\",\"potentialAction\":[{\"@type\":\"SearchAction\",\"target\":{\"@type\":\"EntryPoint\",\"urlTemplate\":\"https:\/\/autohaus-gerecke.de\/?s={search_term_string}\"},\"query-input\":\"required name=search_term_string\"}],\"inLanguage\":\"de\"}]}<\/script>\n<!-- \/ Yoast SEO plugin. -->","yoast_head_json":{"title":"Angebote - Autohaus Gerecke","robots":{"index":"index","follow":"follow","max-snippet":"max-snippet:-1","max-image-preview":"max-image-preview:large","max-video-preview":"max-video-preview:-1"},"canonical":"https:\/\/autohaus-gerecke.de\/index.php\/angebote\/","og_locale":"de_DE","og_type":"article","og_title":"Angebote - Autohaus Gerecke","og_description":"Angebote R\u00e4dereinlagerung (pro Satz \/ Saison) 24,90 \u20ac Wohin mit dem Satz Sommerreifen, den man gerade nicht ben\u00f6tigt? Im Haus nehmen sie viel Platz weg, sie sind schwer und unhandlich. Die L\u00f6sung f\u00fcr all diese Probleme ist unser Einlagerungsservice. Dabei werden Ihre Reifen bei uns eine Saison lang fach- und sachgerecht aufbewahrt. So bleibt die [&hellip;]","og_url":"https:\/\/autohaus-gerecke.de\/index.php\/angebote\/","og_site_name":"Autohaus Gerecke","article_modified_time":"2025-09-18T09:11:05+00:00","twitter_card":"summary_large_image","twitter_misc":{"Gesch\u00e4tzte Lesezeit":"1\u00a0Minute"},"schema":{"@context":"https:\/\/schema.org","@graph":[{"@type":"WebPage","@id":"https:\/\/autohaus-gerecke.de\/index.php\/angebote\/","url":"https:\/\/autohaus-gerecke.de\/index.php\/angebote\/","name":"Angebote - Autohaus Gerecke","isPartOf":{"@id":"https:\/\/autohaus-gerecke.de\/#website"},"datePublished":"2020-12-08T12:03:28+00:00","dateModified":"2025-09-18T09:11:05+00:00","breadcrumb":{"@id":"https:\/\/autohaus-gerecke.de\/index.php\/angebote\/#breadcrumb"},"inLanguage":"de","potentialAction":[{"@type":"ReadAction","target":["https:\/\/autohaus-gerecke.de\/index.php\/angebote\/"]}]},{"@type":"BreadcrumbList","@id":"https:\/\/autohaus-gerecke.de\/index.php\/angebote\/#breadcrumb","itemListElement":[{"@type":"ListItem","position":1,"name":"Home","item":"https:\/\/autohaus-gerecke.de\/"},{"@type":"ListItem","position":2,"name":"Angebote"}]},{"@type":"WebSite","@id":"https:\/\/autohaus-gerecke.de\/#website","url":"https:\/\/autohaus-gerecke.de\/","name":"Autohaus Gerecke","description":"Renault- und Dacia-Partner \u2013 Freie KFZ-Werkstatt f\u00fcr alle Fabrikate","potentialAction":[{"@type":"SearchAction","target":{"@type":"EntryPoint","urlTemplate":"https:\/\/autohaus-gerecke.de\/?s={search_term_string}"},"query-input":"required name=search_term_string"}],"inLanguage":"de"}]}},"_links":{"self":[{"href":"https:\/\/autohaus-gerecke.de\/index.php\/wp-json\/wp\/v2\/pages\/230","targetHints":{"allow":["GET"]}}],"collection":[{"href":"https:\/\/autohaus-gerecke.de\/index.php\/wp-json\/wp\/v2\/pages"}],"about":[{"href":"https:\/\/autohaus-gerecke.de\/index.php\/wp-json\/wp\/v2\/types\/page"}],"author":[{"embeddable":true,"href":"https:\/\/autohaus-gerecke.de\/index.php\/wp-json\/wp\/v2\/users\/1"}],"replies":[{"embeddable":true,"href":"https:\/\/autohaus-gerecke.de\/index.php\/wp-json\/wp\/v2\/comments?post=230"}],"version-history":[{"count":115,"href":"https:\/\/autohaus-gerecke.de\/index.php\/wp-json\/wp\/v2\/pages\/230\/revisions"}],"predecessor-version":[{"id":1731,"href":"https:\/\/autohaus-gerecke.de\/index.php\/wp-json\/wp\/v2\/pages\/230\/revisions\/1731"}],"wp:attachment":[{"href":"https:\/\/autohaus-gerecke.de\/index.php\/wp-json\/wp\/v2\/media?parent=230"}],"curies":[{"name":"wp","href":"https:\/\/api.w.org\/{rel}","templated":true}]}}