{"id":68,"date":"2020-11-09T15:43:34","date_gmt":"2020-11-09T15:43:34","guid":{"rendered":"https:\/\/development.frisch-positiv.de\/AH_Gerecke\/?page_id=68"},"modified":"2024-09-04T14:46:56","modified_gmt":"2024-09-04T14:46:56","slug":"werkstatt","status":"publish","type":"page","link":"https:\/\/autohaus-gerecke.de\/index.php\/werkstatt\/","title":{"rendered":"Werkstatt"},"content":{"rendered":"<div>\n<p>        <img decoding=\"async\" src=\"\/wp-content\/uploads\/2024\/09\/60eab6745af043.95076648-scaled.jpg\" alt=\"\"><\/p>\n<h3>Werkstatt<\/h3>\n<\/div>\n<hr>\n<h1>\n<p style=\"text-align: left;\">Wir sind Renault und Dacia Vertragswerkstatt<\/p>\n<\/h1>\n<div>\n<p class=\"p1\" style=\"text-align: left;\"><span class=\"s1\">Wir sind Renault und Dacia Vertragswerkstatt <\/span><span class=\"s1\">Leistung, Zuverl\u00e4ssigkeit, Sicherheit &#8211; was die Fahrzeuge von Renault und Dacia\u00a0 auszeichnet, gilt auch f\u00fcr uns. <br \/><\/span><span class=\"s1\">Wir bieten Ihnen exzellenten Service, gute Preise sowie kompetente Beratung und ein freundliches Team. <br \/><\/span><span class=\"s1\">Gerne \u00fcbernehmen wir alle Arbeiten an Ihrem Fahrzeug, nat\u00fcrlich\u00a0 erledigen wir auch s\u00e4mtliche Arbeiten Ihrer Herstellergarantie. <\/span><span class=\"s1\">Dabei spielt es keine Rolle, ob Sie Ihren Renault oder Dacia bei uns erworben haben, wir\u00a0 k\u00fcmmern uns mit Herz und Verstand, sowie einer Prise famili\u00e4rem Charme um Ihr Auto. Versprochen!<\/span><\/p>\n<\/div>\n<hr>\n<ul>\n<li>\n<p><img decoding=\"async\" src=\"\/wp-content\/uploads\/2020\/12\/Inspektion.gif\" alt=\"\"><\/p>\n<h3>Inspektion<\/h3>\n<p><a href=\"#7\"><\/a><\/p>\n<\/li>\n<li>\n<p><img decoding=\"async\" src=\"\/wp-content\/uploads\/2020\/12\/Mobilitaetsgarantie.gif\" alt=\"\"><\/p>\n<h3>Mobilit\u00e4tsgarantie<\/h3>\n<p><a href=\"#7\"><\/a><\/p>\n<\/li>\n<li>\n<p><img decoding=\"async\" src=\"\/wp-content\/uploads\/2020\/12\/HU.gif\" alt=\"\"><\/p>\n<h3>HU (mit integr. AU)<\/h3>\n<p><a href=\"#8\"><\/a><\/p>\n<\/li>\n<li>\n<p><img decoding=\"async\" src=\"\/wp-content\/uploads\/2020\/12\/Rad_und_Reifen.gif\" alt=\"\"><\/p>\n<h3>Rad &#038; Reifen<\/h3>\n<p><a href=\"#7\"><\/a><\/p>\n<\/li>\n<li>\n<p><img decoding=\"async\" src=\"\/wp-content\/uploads\/2020\/12\/Kupplung.gif\" alt=\"\"><\/p>\n<h3>Kupplung<\/h3>\n<p><a href=\"#9\"><\/a><\/p>\n<\/li>\n<li>\n<p><img decoding=\"async\" src=\"\/wp-content\/uploads\/2020\/12\/Bremsen.gif\" alt=\"\"><\/p>\n<h3>Bremsen<\/h3>\n<p><a href=\"#8\"><\/a><\/p>\n<\/li>\n<li>\n<p><img decoding=\"async\" src=\"\/wp-content\/uploads\/2020\/12\/Motordiagnose-1.gif\" alt=\"\"><\/p>\n<h3>Motordiagnose<\/h3>\n<p><a href=\"#8\"><\/a><\/p>\n<\/li>\n<li>\n<p><img decoding=\"async\" src=\"\/wp-content\/uploads\/2020\/12\/Auspuff.gif\" alt=\"\"><\/p>\n<h3>Auspuff<\/h3>\n<p><a href=\"#8\"><\/a><\/p>\n<\/li>\n<li>\n<p><img decoding=\"async\" src=\"\/wp-content\/uploads\/2020\/12\/Stossdaempfer.gif\" alt=\"\"><\/p>\n<h3>Sto\u00dfd\u00e4mpfer<\/h3>\n<p><a href=\"#8\"><\/a><\/p>\n<\/li>\n<li>\n<p><img decoding=\"async\" src=\"\/wp-content\/uploads\/2020\/12\/Klimaanlage.gif\" alt=\"\"><\/p>\n<h3>Klimaanlage<\/h3>\n<p><a href=\"#7\"><\/a><\/p>\n<\/li>\n<\/ul>\n<h1>\n<p>Wir sind autoPRO-Partner<\/p>\n<\/h1>\n<div>\n<p>In Zusammenarbeit mit der Firma autoPRO und dem Teilelieferanten Wessels+M\u00fcller bieten wir Ihnen fachm\u00e4nnischen, individuellen Service f\u00fcr alle Fahrzeugtypen zu absolut fairen Preisen! Von Inspektion mit Mobilit\u00e4t \u00fcber Hauptuntersuchungen (in Kooperation mit autorisierten Pr\u00fcforganisationen) und Klima-Check. Unser Leistungsspektrum ist vielf\u00e4ltig, zuverl\u00e4ssig und schnell.<\/p>\n<\/div>\n<h1>\n<p>Werkstatttermin vereinbaren<\/p>\n<\/h1>\n<div>\n<div id=\"cf7cstmzr-form\" class=\"cf7cstmzr-form-896 cf7cstmzr-form\">\n<div class=\"wpcf7 no-js\" id=\"wpcf7-f896-o1\" lang=\"de-DE\" dir=\"ltr\">\n<div class=\"screen-reader-response\"><p role=\"status\" aria-live=\"polite\" aria-atomic=\"true\"><\/p> <ul><\/ul><\/div>\n<form action=\"\/index.php\/wp-json\/wp\/v2\/pages\/68#wpcf7-f896-o1\" method=\"post\" class=\"wpcf7-form init\" aria-label=\"Kontaktformular\" novalidate=\"novalidate\" data-status=\"init\">\n<div style=\"display: none;\">\n<input type=\"hidden\" name=\"_wpcf7\" value=\"896\" \/>\n<input type=\"hidden\" name=\"_wpcf7_version\" value=\"5.7.3\" \/>\n<input type=\"hidden\" name=\"_wpcf7_locale\" value=\"de_DE\" \/>\n<input type=\"hidden\" name=\"_wpcf7_unit_tag\" value=\"wpcf7-f896-o1\" \/>\n<input type=\"hidden\" name=\"_wpcf7_container_post\" value=\"0\" \/>\n<input type=\"hidden\" name=\"_wpcf7_posted_data_hash\" value=\"\" \/>\n<\/div>\n\n<div class=\"wps-form\">\n\t<div class=\"wps-form-row\">\n\t\t<div class=\"wps-form-column\">\n\t\t\t<p><label>Vorname<\/label><br \/>\n<span id=\"wpcf7-69e1fb3e392da-wrapper\" class=\"wpcf7-form-control-wrap Vorname-wrap\" style=\"display:none !important; visibility:hidden !important;\"><label for=\"wpcf7-69e1fb3e392da-field\" class=\"hp-message\">Bitte lasse dieses Feld leer.<\/label><input id=\"wpcf7-69e1fb3e392da-field\"  class=\"wpcf7-form-control wpcf7-text\" type=\"text\" name=\"Vorname\" value=\"\" size=\"40\" tabindex=\"-1\" autocomplete=\"new-password\" \/><\/span><br \/>\n<span class=\"wpcf7-form-control-wrap\" data-name=\"your-name\"><input size=\"40\" class=\"wpcf7-form-control wpcf7-text wpcf7-validates-as-required\" aria-required=\"true\" aria-invalid=\"false\" value=\"\" type=\"text\" name=\"your-name\" \/><\/span>\n\t\t\t<\/p>\n\t\t<\/div>\n\t\t<div class=\"wps-form-column\">\n\t\t\t<p><label>Nachname<\/label><br \/>\n<span id=\"wpcf7-69e1fb3e39380-wrapper\" class=\"wpcf7-form-control-wrap Nachname-wrap\" style=\"display:none !important; visibility:hidden !important;\"><label for=\"wpcf7-69e1fb3e39380-field\" class=\"hp-message\">Bitte lasse dieses Feld leer.<\/label><input id=\"wpcf7-69e1fb3e39380-field\"  class=\"wpcf7-form-control wpcf7-text\" type=\"text\" name=\"Nachname\" value=\"\" size=\"40\" tabindex=\"-1\" autocomplete=\"new-password\" \/><\/span><br \/>\n<span class=\"wpcf7-form-control-wrap\" data-name=\"your-firstname\"><input size=\"40\" class=\"wpcf7-form-control wpcf7-text wpcf7-validates-as-required\" aria-required=\"true\" aria-invalid=\"false\" value=\"\" type=\"text\" name=\"your-firstname\" \/><\/span>\n\t\t\t<\/p>\n\t\t<\/div>\n\t<\/div>\n<\/div>\n<div class=\"wps-form\">\n\t<div class=\"wps-form-row\">\n\t\t<div class=\"wps-form-column\">\n\t\t\t<p><label>Rufnummer<\/label><br \/>\n<span id=\"wpcf7-69e1fb3e393c8-wrapper\" class=\"wpcf7-form-control-wrap Rufnummer-wrap\" style=\"display:none !important; visibility:hidden !important;\"><label for=\"wpcf7-69e1fb3e393c8-field\" class=\"hp-message\">Bitte lasse dieses Feld leer.<\/label><input id=\"wpcf7-69e1fb3e393c8-field\"  class=\"wpcf7-form-control wpcf7-text\" type=\"text\" name=\"Rufnummer\" value=\"\" size=\"40\" tabindex=\"-1\" autocomplete=\"new-password\" \/><\/span><br \/>\n<span class=\"wpcf7-form-control-wrap\" data-name=\"your-number\"><input size=\"40\" class=\"wpcf7-form-control wpcf7-text wpcf7-validates-as-required\" aria-required=\"true\" aria-invalid=\"false\" value=\"\" type=\"text\" name=\"your-number\" \/><\/span>\n\t\t\t<\/p>\n\t\t<\/div>\n\t\t<div class=\"wps-form-column\">\n\t\t\t<p><label>E-Mail-Adresse<\/label><br \/>\n<span id=\"wpcf7-69e1fb3e39408-wrapper\" class=\"wpcf7-form-control-wrap E-Mailadresse-wrap\" style=\"display:none !important; visibility:hidden !important;\"><label for=\"wpcf7-69e1fb3e39408-field\" class=\"hp-message\">Bitte lasse dieses Feld leer.<\/label><input id=\"wpcf7-69e1fb3e39408-field\"  class=\"wpcf7-form-control wpcf7-text\" type=\"text\" name=\"E-Mailadresse\" value=\"\" size=\"40\" tabindex=\"-1\" autocomplete=\"new-password\" \/><\/span><br \/>\n<span class=\"wpcf7-form-control-wrap\" data-name=\"your-email\"><input size=\"40\" class=\"wpcf7-form-control wpcf7-text wpcf7-email wpcf7-validates-as-required wpcf7-validates-as-email\" aria-required=\"true\" aria-invalid=\"false\" value=\"\" type=\"email\" name=\"your-email\" \/><\/span>\n\t\t\t<\/p>\n\t\t<\/div>\n\t<\/div>\n<\/div>\n<div class=\"wps-form\">\n\t<div class=\"wps-form-row\">\n\t\t<div class=\"wps-form-column\">\n\t\t\t<p><label>Kennzeichen<\/label><br \/>\n<span class=\"wpcf7-form-control-wrap\" data-name=\"your-plate\"><input size=\"40\" class=\"wpcf7-form-control wpcf7-text wpcf7-validates-as-required\" aria-required=\"true\" aria-invalid=\"false\" value=\"\" type=\"text\" name=\"your-plate\" \/><\/span>\n\t\t\t<\/p>\n\t\t<\/div>\n\t\t<div class=\"wps-form-column\">\n\t\t\t<p><label>Kilometerstand<\/label><br \/>\n<span class=\"wpcf7-form-control-wrap\" data-name=\"your-miles\"><input size=\"40\" class=\"wpcf7-form-control wpcf7-text wpcf7-validates-as-required\" aria-required=\"true\" aria-invalid=\"false\" value=\"\" type=\"text\" name=\"your-miles\" \/><\/span>\n\t\t\t<\/p>\n\t\t<\/div>\n\t<\/div>\n<\/div>\n<div class=\"wps-form-row\">\n\t<div class=\"wps-form-column\">\n\t\t<p><label> Wunschdatum <\/label><br \/>\n<span id=\"wpcf7-69e1fb3e3947b-wrapper\" class=\"wpcf7-form-control-wrap Datum-wrap\" style=\"display:none !important; visibility:hidden !important;\"><label for=\"wpcf7-69e1fb3e3947b-field\" class=\"hp-message\">Bitte lasse dieses Feld leer.<\/label><input id=\"wpcf7-69e1fb3e3947b-field\"  class=\"wpcf7-form-control wpcf7-text\" type=\"text\" name=\"Datum\" value=\"\" size=\"40\" tabindex=\"-1\" autocomplete=\"new-password\" \/><\/span><br \/>\n<span class=\"wpcf7-form-control-wrap\" data-name=\"your-date\"><input class=\"wpcf7-form-control wpcf7-date wpcf7-validates-as-required wpcf7-validates-as-date\" min=\"1920-01-01\" aria-required=\"true\" aria-invalid=\"false\" value=\"\" type=\"date\" name=\"your-date\" \/><\/span>\n\t\t<\/p>\n\t<\/div>\n<\/div>\n<div class=\"wps-form-row\">\n\t<div class=\"wps-form-column\">\n\t\t<p><label>Bitte Ausw\u00e4hlen<\/label><br \/>\n<span class=\"wpcf7-form-control-wrap\" data-name=\"your-choise\"><select class=\"wpcf7-form-control wpcf7-select wpcf7-validates-as-required\" aria-required=\"true\" aria-invalid=\"false\" name=\"your-choise\"><option value=\"HU\/AU\">HU\/AU<\/option><option value=\"Radwechsel\">Radwechsel<\/option><option value=\"Wartung\">Wartung<\/option><option value=\"Starterbatterie\">Starterbatterie<\/option><option value=\"Klimacheck\">Klimacheck<\/option><option value=\"Sonstiges\">Sonstiges<\/option><\/select><\/span>\n\t\t<\/p>\n\t\t<p><label>Hinweise \/ Bemerkungen \/ Sonstiges<\/label><br \/>\n<span class=\"wpcf7-form-control-wrap\" data-name=\"your-subjekt\"><textarea cols=\"40\" rows=\"10\" class=\"wpcf7-form-control wpcf7-textarea\" aria-invalid=\"false\" name=\"your-subjekt\"><\/textarea><\/span>\n\t\t<\/p>\n\t\t<p><span class=\"wpcf7-form-control-wrap\" data-name=\"acceptance-586\"><span class=\"wpcf7-form-control wpcf7-acceptance\"><span class=\"wpcf7-list-item\"><input type=\"checkbox\" name=\"acceptance-586\" value=\"1\" aria-invalid=\"false\" \/><\/span><\/span><\/span> Datenschutz \"Ich stimme zu, dass meine Angaben aus dem Kontaktformular zur Beantwortung meiner Anfrage erhoben und verarbeitet werden. Die Daten werden nach abgeschlossener Bearbeitung Ihrer Anfrage gel\u00f6scht. Hinweis: Sie k\u00f6nnen Ihre Einwilligung jederzeit f\u00fcr die Zukunft per E-Mail an info@autohaus-gerecke.de widerrufen. Detaillierte Informationen zum Umgang mit Nutzerdaten finden Sie in unserer <a href=\"\/Datenschutz\">Datenschutzerkl\u00e4rung<\/a>.\n\t\t<\/p>\n\t<\/div>\n<\/div>\n<p><span id=\"wpcf7-69e1fb3e39648-wrapper\" class=\"wpcf7-form-control-wrap honeypot-57-wrap\" style=\"display:none !important; visibility:hidden !important;\"><label for=\"wpcf7-69e1fb3e39648-field\" class=\"hp-message\">Bitte lasse dieses Feld leer.<\/label><input id=\"wpcf7-69e1fb3e39648-field\"  class=\"wpcf7-form-control wpcf7-text\" type=\"text\" name=\"honeypot-57\" value=\"\" size=\"40\" tabindex=\"-1\" autocomplete=\"new-password\" \/><\/span>\n<\/p>\n<div class=\"wps-form-row\">\n\t<div class=\"wps-form-column\">\n\t\t<p><input class=\"wpcf7-form-control has-spinner wpcf7-submit\" type=\"submit\" value=\"Senden\" \/>\n\t\t<\/p>\n\t<\/div>\n<\/div>\n<div class=\"wpcf7-response-output\" aria-hidden=\"true\"><\/div>\n<\/form>\n<\/div>\n<\/div><\/div>\n<p><!--more--><br \/>\n<!-- {\"name\":\"Product Category\",\"type\":\"layout\",\"children\":[{\"type\":\"section\",\"props\":{\"image_position\":\"center-center\",\"image_size\":\"cover\",\"image_width\":\"2560\",\"padding_remove_bottom\":false,\"padding_remove_top\":true,\"source\":\"category\",\"style\":\"default\",\"text_color\":\"light\",\"title_breakpoint\":\"xl\",\"title_position\":\"top-left\",\"title_rotation\":\"left\",\"vertical_align\":\"middle\",\"width\":\"\"},\"children\":[{\"type\":\"row\",\"children\":[{\"type\":\"column\",\"props\":{\"image_position\":\"center-center\",\"position_sticky_breakpoint\":\"m\"},\"children\":[{\"type\":\"overlay\",\"props\":{\"content\":\"\",\"content_style\":\"text-lead\",\"image\":\"wp-content\\\/uploads\\\/2024\\\/09\\\/60eab6745af043.95076648-scaled.jpg\",\"image_box_decoration\":\"shadow\",\"image_height\":\"700\",\"image_width\":\"2500\",\"link_style\":\"default\",\"link_text\":\"Read more\",\"margin\":\"large\",\"meta_align\":\"below-title\",\"meta_element\":\"div\",\"meta_style\":\"text-meta\",\"overlay_hover\":false,\"overlay_mode\":\"caption\",\"overlay_position\":\"center\",\"overlay_style\":\"overlay-default\",\"overlay_transition\":\"fade\",\"text_align\":\"center\",\"text_color\":\"light\",\"title\":\"Werkstatt\",\"title_element\":\"h3\",\"title_hover_style\":\"reset\",\"title_style\":\"heading-xlarge\"}}]}]}],\"name\":\"Hero\"},{\"type\":\"section\",\"props\":{\"image_position\":\"center-center\",\"style\":\"default\",\"title_breakpoint\":\"xl\",\"title_position\":\"top-left\",\"title_rotation\":\"left\",\"vertical_align\":\"middle\",\"width\":\"default\"},\"children\":[{\"type\":\"row\",\"children\":[{\"type\":\"column\",\"props\":{\"image_position\":\"center-center\",\"position_sticky_breakpoint\":\"m\"},\"children\":[{\"type\":\"divider\",\"props\":{\"divider_element\":\"hr\"}},{\"type\":\"headline\",\"props\":{\"content\":\"\n\n<p style=\\\"text-align: left;\\\">Wir sind Renault und Dacia Vertragswerkstatt<\\\/p>\",\"title_element\":\"h1\",\"title_style\":\"heading-small\"}},{\"type\":\"text\",\"props\":{\"column_breakpoint\":\"m\",\"content\":\"\n\n<p class=\\\"p1\\\" style=\\\"text-align: left;\\\"><span class=\\\"s1\\\">Wir sind Renault und Dacia Vertragswerkstatt <\\\/span><span class=\\\"s1\\\">Leistung, Zuverl\\u00e4ssigkeit, Sicherheit - was die Fahrzeuge von Renault und Dacia\\u00a0 auszeichnet, gilt auch f\\u00fcr uns. <br \\\/><\\\/span><span class=\\\"s1\\\">Wir bieten Ihnen exzellenten Service, gute Preise sowie kompetente Beratung und ein freundliches Team. <br \\\/><\\\/span><span class=\\\"s1\\\">Gerne \\u00fcbernehmen wir alle Arbeiten an Ihrem Fahrzeug, nat\\u00fcrlich\\u00a0 erledigen wir auch s\\u00e4mtliche Arbeiten Ihrer Herstellergarantie. <\\\/span><span class=\\\"s1\\\">Dabei spielt es keine Rolle, ob Sie Ihren Renault oder Dacia bei uns erworben haben, wir\\u00a0 k\\u00fcmmern uns mit Herz und Verstand, sowie einer Prise famili\\u00e4rem Charme um Ihr Auto. Versprochen!<\\\/span><\\\/p>\",\"margin\":\"default\",\"text_align\":\"center\"}},{\"type\":\"divider\",\"props\":{\"divider_element\":\"hr\"}}]}]}]},{\"type\":\"section\",\"props\":{\"image_position\":\"center-center\",\"padding_remove_bottom\":false,\"padding_remove_top\":true,\"style\":\"default\",\"title_breakpoint\":\"xl\",\"title_position\":\"top-left\",\"title_rotation\":\"left\",\"vertical_align\":\"middle\",\"width\":\"expand\"},\"children\":[{\"type\":\"row\",\"children\":[{\"type\":\"column\",\"props\":{\"image_position\":\"center-center\",\"position_sticky_breakpoint\":\"m\",\"width_medium\":\"1-1\"},\"children\":[{\"type\":\"grid\",\"props\":{\"content_column_breakpoint\":\"m\",\"content_margin\":\"remove\",\"filter_align\":\"left\",\"filter_all\":true,\"filter_grid_breakpoint\":\"m\",\"filter_grid_width\":\"auto\",\"filter_position\":\"top\",\"filter_style\":\"tab\",\"grid_column_gap\":\"small\",\"grid_default\":\"2\",\"grid_medium\":\"5\",\"grid_small\":\"3\",\"icon_width\":80,\"image_align\":\"top\",\"image_box_shadow\":\"large\",\"image_grid_breakpoint\":\"m\",\"image_grid_width\":\"1-2\",\"image_svg_color\":\"emphasis\",\"item_animation\":true,\"link_style\":\"default\",\"link_text\":\"\",\"margin\":\"default\",\"meta_align\":\"below-content\",\"meta_element\":\"div\",\"meta_style\":\"text-meta\",\"panel_link\":true,\"parallax_easing\":\"1\",\"show_content\":true,\"show_image\":true,\"show_link\":true,\"show_meta\":true,\"show_title\":true,\"text_align\":\"center\",\"title_align\":\"top\",\"title_element\":\"h3\",\"title_grid_breakpoint\":\"m\",\"title_grid_width\":\"1-2\",\"title_hover_style\":\"reset\",\"title_style\":\"h6\"},\"children\":[{\"type\":\"grid_item\",\"props\":{\"content\":\"\",\"image\":\"wp-content\\\/uploads\\\/2020\\\/12\\\/Inspektion.gif\",\"link\":\"#7\",\"meta\":\"\",\"title\":\"Inspektion\"}},{\"type\":\"grid_item\",\"props\":{\"content\":\"\",\"image\":\"wp-content\\\/uploads\\\/2020\\\/12\\\/Mobilitaetsgarantie.gif\",\"link\":\"#7\",\"meta\":\"\",\"title\":\"Mobilit\\u00e4tsgarantie\"}},{\"type\":\"grid_item\",\"props\":{\"content\":\"\",\"image\":\"wp-content\\\/uploads\\\/2020\\\/12\\\/HU.gif\",\"link\":\"#8\",\"meta\":\"\",\"title\":\"HU (mit integr. AU)\"}},{\"type\":\"grid_item\",\"props\":{\"content\":\"\",\"image\":\"wp-content\\\/uploads\\\/2020\\\/12\\\/Rad_und_Reifen.gif\",\"link\":\"#7\",\"meta\":\"\",\"title\":\"Rad & Reifen\"}},{\"type\":\"grid_item\",\"props\":{\"content\":\"\",\"image\":\"wp-content\\\/uploads\\\/2020\\\/12\\\/Kupplung.gif\",\"link\":\"#9\",\"meta\":\"\",\"title\":\"Kupplung\"}},{\"type\":\"grid_item\",\"props\":{\"content\":\"\",\"image\":\"wp-content\\\/uploads\\\/2020\\\/12\\\/Bremsen.gif\",\"link\":\"#8\",\"meta\":\"\",\"title\":\"Bremsen\"}},{\"type\":\"grid_item\",\"props\":{\"content\":\"\",\"image\":\"wp-content\\\/uploads\\\/2020\\\/12\\\/Motordiagnose-1.gif\",\"link\":\"#8\",\"meta\":\"\",\"title\":\"Motordiagnose\"}},{\"type\":\"grid_item\",\"props\":{\"content\":\"\",\"image\":\"wp-content\\\/uploads\\\/2020\\\/12\\\/Auspuff.gif\",\"link\":\"#8\",\"meta\":\"\",\"title\":\"Auspuff\"}},{\"type\":\"grid_item\",\"props\":{\"content\":\"\",\"image\":\"wp-content\\\/uploads\\\/2020\\\/12\\\/Stossdaempfer.gif\",\"link\":\"#8\",\"meta\":\"\",\"title\":\"Sto\\u00dfd\\u00e4mpfer\"}},{\"type\":\"grid_item\",\"props\":{\"content\":\"\",\"image\":\"wp-content\\\/uploads\\\/2020\\\/12\\\/Klimaanlage.gif\",\"link\":\"#7\",\"meta\":\"\",\"title\":\"Klimaanlage\"}}]}]}]}],\"name\":\"Products\"},{\"type\":\"section\",\"props\":{\"image_position\":\"center-center\",\"padding_remove_top\":false,\"style\":\"primary\",\"title_breakpoint\":\"xl\",\"title_position\":\"top-left\",\"title_rotation\":\"left\",\"vertical_align\":\"middle\",\"width\":\"xlarge\"},\"children\":[{\"type\":\"row\",\"children\":[{\"type\":\"column\",\"props\":{\"image_position\":\"center-center\",\"position_sticky_breakpoint\":\"m\"},\"children\":[{\"type\":\"headline\",\"props\":{\"content\":\"\n\n<p>Wir sind autoPRO-Partner<\\\/p>\",\"title_element\":\"h1\",\"title_style\":\"heading-small\"}},{\"type\":\"text\",\"props\":{\"column_breakpoint\":\"m\",\"content\":\"\n\n<p>In Zusammenarbeit mit der Firma autoPRO und dem Teilelieferanten Wessels+M\\u00fcller bieten wir Ihnen fachm\\u00e4nnischen, individuellen Service f\\u00fcr alle Fahrzeugtypen zu absolut fairen Preisen! Von Inspektion mit Mobilit\\u00e4t \\u00fcber Hauptuntersuchungen (in Kooperation mit autorisierten Pr\\u00fcforganisationen) und Klima-Check. Unser Leistungsspektrum ist vielf\\u00e4ltig, zuverl\\u00e4ssig und schnell.<\\\/p>\",\"margin\":\"default\"}}]}],\"props\":{\"margin\":\"large\"}}]},{\"type\":\"section\",\"props\":{\"image_position\":\"center-center\",\"style\":\"muted\",\"title_breakpoint\":\"xl\",\"title_position\":\"top-left\",\"title_rotation\":\"left\",\"vertical_align\":\"middle\",\"width\":\"default\"},\"children\":[{\"type\":\"row\",\"children\":[{\"type\":\"column\",\"props\":{\"image_position\":\"center-center\",\"position_sticky_breakpoint\":\"m\"},\"children\":[{\"type\":\"headline\",\"props\":{\"content\":\"\n\n<p>Werkstatttermin vereinbaren<\\\/p>\",\"title_element\":\"h1\",\"title_style\":\"heading-small\"}},{\"type\":\"html\",\"props\":{\"content\":\"[contact-form-7 id=\\\"896\\\" title=\\\"Ohne Titel\\\"]\"}}]}]}]}],\"version\":\"4.3.5\"} --><\/p>\n","protected":false},"excerpt":{"rendered":"<p>Werkstatt Wir sind Renault und Dacia Vertragswerkstatt Wir sind Renault und Dacia Vertragswerkstatt Leistung, Zuverl\u00e4ssigkeit, Sicherheit &#8211; was die Fahrzeuge von Renault und Dacia\u00a0 auszeichnet, gilt auch f\u00fcr uns. Wir bieten Ihnen exzellenten Service, gute Preise sowie kompetente Beratung und ein freundliches Team. Gerne \u00fcbernehmen wir alle Arbeiten an Ihrem Fahrzeug, nat\u00fcrlich\u00a0 erledigen wir auch [&hellip;]<\/p>\n","protected":false},"author":1,"featured_media":0,"parent":0,"menu_order":0,"comment_status":"closed","ping_status":"closed","template":"","meta":{"footnotes":""},"class_list":["post-68","page","type-page","status-publish","hentry"],"yoast_head":"<!-- This site is optimized with the Yoast SEO plugin v20.1 - https:\/\/yoast.com\/wordpress\/plugins\/seo\/ -->\n<title>Werkstatt - Autohaus Gerecke<\/title>\n<meta name=\"robots\" content=\"index, follow, max-snippet:-1, max-image-preview:large, max-video-preview:-1\" \/>\n<link rel=\"canonical\" href=\"https:\/\/autohaus-gerecke.de\/index.php\/werkstatt\/\" \/>\n<meta property=\"og:locale\" content=\"de_DE\" \/>\n<meta property=\"og:type\" content=\"article\" \/>\n<meta property=\"og:title\" content=\"Werkstatt - Autohaus Gerecke\" \/>\n<meta property=\"og:description\" content=\"Werkstatt Wir sind Renault und Dacia Vertragswerkstatt Wir sind Renault und Dacia Vertragswerkstatt Leistung, Zuverl\u00e4ssigkeit, Sicherheit &#8211; was die Fahrzeuge von Renault und Dacia\u00a0 auszeichnet, gilt auch f\u00fcr uns. Wir bieten Ihnen exzellenten Service, gute Preise sowie kompetente Beratung und ein freundliches Team. Gerne \u00fcbernehmen wir alle Arbeiten an Ihrem Fahrzeug, nat\u00fcrlich\u00a0 erledigen wir auch [&hellip;]\" \/>\n<meta property=\"og:url\" content=\"https:\/\/autohaus-gerecke.de\/index.php\/werkstatt\/\" \/>\n<meta property=\"og:site_name\" content=\"Autohaus Gerecke\" \/>\n<meta property=\"article:modified_time\" content=\"2024-09-04T14:46:56+00:00\" \/>\n<meta name=\"twitter:card\" content=\"summary_large_image\" \/>\n<meta name=\"twitter:label1\" content=\"Gesch\u00e4tzte Lesezeit\" \/>\n\t<meta name=\"twitter:data1\" content=\"1\u00a0Minute\" \/>\n<script type=\"application\/ld+json\" class=\"yoast-schema-graph\">{\"@context\":\"https:\/\/schema.org\",\"@graph\":[{\"@type\":\"WebPage\",\"@id\":\"https:\/\/autohaus-gerecke.de\/index.php\/werkstatt\/\",\"url\":\"https:\/\/autohaus-gerecke.de\/index.php\/werkstatt\/\",\"name\":\"Werkstatt - Autohaus Gerecke\",\"isPartOf\":{\"@id\":\"https:\/\/autohaus-gerecke.de\/#website\"},\"datePublished\":\"2020-11-09T15:43:34+00:00\",\"dateModified\":\"2024-09-04T14:46:56+00:00\",\"breadcrumb\":{\"@id\":\"https:\/\/autohaus-gerecke.de\/index.php\/werkstatt\/#breadcrumb\"},\"inLanguage\":\"de\",\"potentialAction\":[{\"@type\":\"ReadAction\",\"target\":[\"https:\/\/autohaus-gerecke.de\/index.php\/werkstatt\/\"]}]},{\"@type\":\"BreadcrumbList\",\"@id\":\"https:\/\/autohaus-gerecke.de\/index.php\/werkstatt\/#breadcrumb\",\"itemListElement\":[{\"@type\":\"ListItem\",\"position\":1,\"name\":\"Home\",\"item\":\"https:\/\/autohaus-gerecke.de\/\"},{\"@type\":\"ListItem\",\"position\":2,\"name\":\"Werkstatt\"}]},{\"@type\":\"WebSite\",\"@id\":\"https:\/\/autohaus-gerecke.de\/#website\",\"url\":\"https:\/\/autohaus-gerecke.de\/\",\"name\":\"Autohaus Gerecke\",\"description\":\"Renault- und Dacia-Partner \u2013 Freie KFZ-Werkstatt f\u00fcr alle Fabrikate\",\"potentialAction\":[{\"@type\":\"SearchAction\",\"target\":{\"@type\":\"EntryPoint\",\"urlTemplate\":\"https:\/\/autohaus-gerecke.de\/?s={search_term_string}\"},\"query-input\":\"required name=search_term_string\"}],\"inLanguage\":\"de\"}]}<\/script>\n<!-- \/ Yoast SEO plugin. -->","yoast_head_json":{"title":"Werkstatt - Autohaus Gerecke","robots":{"index":"index","follow":"follow","max-snippet":"max-snippet:-1","max-image-preview":"max-image-preview:large","max-video-preview":"max-video-preview:-1"},"canonical":"https:\/\/autohaus-gerecke.de\/index.php\/werkstatt\/","og_locale":"de_DE","og_type":"article","og_title":"Werkstatt - Autohaus Gerecke","og_description":"Werkstatt Wir sind Renault und Dacia Vertragswerkstatt Wir sind Renault und Dacia Vertragswerkstatt Leistung, Zuverl\u00e4ssigkeit, Sicherheit &#8211; was die Fahrzeuge von Renault und Dacia\u00a0 auszeichnet, gilt auch f\u00fcr uns. Wir bieten Ihnen exzellenten Service, gute Preise sowie kompetente Beratung und ein freundliches Team. Gerne \u00fcbernehmen wir alle Arbeiten an Ihrem Fahrzeug, nat\u00fcrlich\u00a0 erledigen wir auch [&hellip;]","og_url":"https:\/\/autohaus-gerecke.de\/index.php\/werkstatt\/","og_site_name":"Autohaus Gerecke","article_modified_time":"2024-09-04T14:46:56+00:00","twitter_card":"summary_large_image","twitter_misc":{"Gesch\u00e4tzte Lesezeit":"1\u00a0Minute"},"schema":{"@context":"https:\/\/schema.org","@graph":[{"@type":"WebPage","@id":"https:\/\/autohaus-gerecke.de\/index.php\/werkstatt\/","url":"https:\/\/autohaus-gerecke.de\/index.php\/werkstatt\/","name":"Werkstatt - Autohaus Gerecke","isPartOf":{"@id":"https:\/\/autohaus-gerecke.de\/#website"},"datePublished":"2020-11-09T15:43:34+00:00","dateModified":"2024-09-04T14:46:56+00:00","breadcrumb":{"@id":"https:\/\/autohaus-gerecke.de\/index.php\/werkstatt\/#breadcrumb"},"inLanguage":"de","potentialAction":[{"@type":"ReadAction","target":["https:\/\/autohaus-gerecke.de\/index.php\/werkstatt\/"]}]},{"@type":"BreadcrumbList","@id":"https:\/\/autohaus-gerecke.de\/index.php\/werkstatt\/#breadcrumb","itemListElement":[{"@type":"ListItem","position":1,"name":"Home","item":"https:\/\/autohaus-gerecke.de\/"},{"@type":"ListItem","position":2,"name":"Werkstatt"}]},{"@type":"WebSite","@id":"https:\/\/autohaus-gerecke.de\/#website","url":"https:\/\/autohaus-gerecke.de\/","name":"Autohaus Gerecke","description":"Renault- und Dacia-Partner \u2013 Freie KFZ-Werkstatt f\u00fcr alle Fabrikate","potentialAction":[{"@type":"SearchAction","target":{"@type":"EntryPoint","urlTemplate":"https:\/\/autohaus-gerecke.de\/?s={search_term_string}"},"query-input":"required name=search_term_string"}],"inLanguage":"de"}]}},"_links":{"self":[{"href":"https:\/\/autohaus-gerecke.de\/index.php\/wp-json\/wp\/v2\/pages\/68","targetHints":{"allow":["GET"]}}],"collection":[{"href":"https:\/\/autohaus-gerecke.de\/index.php\/wp-json\/wp\/v2\/pages"}],"about":[{"href":"https:\/\/autohaus-gerecke.de\/index.php\/wp-json\/wp\/v2\/types\/page"}],"author":[{"embeddable":true,"href":"https:\/\/autohaus-gerecke.de\/index.php\/wp-json\/wp\/v2\/users\/1"}],"replies":[{"embeddable":true,"href":"https:\/\/autohaus-gerecke.de\/index.php\/wp-json\/wp\/v2\/comments?post=68"}],"version-history":[{"count":78,"href":"https:\/\/autohaus-gerecke.de\/index.php\/wp-json\/wp\/v2\/pages\/68\/revisions"}],"predecessor-version":[{"id":1290,"href":"https:\/\/autohaus-gerecke.de\/index.php\/wp-json\/wp\/v2\/pages\/68\/revisions\/1290"}],"wp:attachment":[{"href":"https:\/\/autohaus-gerecke.de\/index.php\/wp-json\/wp\/v2\/media?parent=68"}],"curies":[{"name":"wp","href":"https:\/\/api.w.org\/{rel}","templated":true}]}}