{"id":70,"date":"2020-11-09T15:43:49","date_gmt":"2020-11-09T15:43:49","guid":{"rendered":"https:\/\/development.frisch-positiv.de\/AH_Gerecke\/?page_id=70"},"modified":"2024-09-26T14:52:48","modified_gmt":"2024-09-26T14:52:48","slug":"ueber-uns","status":"publish","type":"page","link":"https:\/\/autohaus-gerecke.de\/index.php\/ueber-uns\/","title":{"rendered":"\u00dcber Uns"},"content":{"rendered":"<div>\n<p>        <img decoding=\"async\" src=\"\/wp-content\/uploads\/2024\/09\/2-scaled.jpg\" alt=\"\"><\/p>\n<div>\n<h1>Familie Gerecke<br \/>zuverl\u00e4ssig seit 4 Generationen&#8230;<\/h1>\n<\/div>\n<\/div>\n<hr>\n<h1>\n<p>Von der N\u00e4hmaschinenwerkstatt zum Renault-Vertragsh\u00e4ndler<\/p>\n<\/h1>\n<div>\n<p>Das Autohaus\u00a0 Gerecke\u00a0 ist ein inhabergef\u00fchrtes Autohaus mit Tradition und Leidenschaft. Seit \u00fcber 30 Jahren sind wir Renault Vertragspartner, dazu haben wir seit 15 Jahren die Marke Dacia etabliert. Wir\u00a0 handeln dazu mit Gebrauchtwagen aller Fabrikate. Unsere Werkstatt lebt Tag f\u00fcr Tag den Service-Gedanken, immer gew\u00fcrzt mit einer Prise famili\u00e4rer Atmosph\u00e4re. Dabei arbeiten wir mit einer modernen Ausstattung und immer nach Herstellervorgaben. Unser Autopro-Konzept l\u00e4dt Besitzer aller Fahrzeughersteller in unserer Werkstatt ein, auch hier k\u00f6nnen Sie sich auf exzellenten Service verlassen.<\/p>\n<p>Neben unserer Hauptmarke Renault f\u00fchren wir auch das vollst\u00e4ndige Programm an Dacia-Neuwagen. Eine zus\u00e4tzliche St\u00e4rke ist neben unserem Fahrzeugbestand in Harztor, der schnelle Zugriff auf\u00a0 verschiedener Neuwagen, Vorf\u00fchrwagen, Dienstwagen, Jahreswagen und Gebrauchten im Top-Zustand. Entdecken Sie eine\u00a0 riesige Auswahl von \u00fcber 600 Fahrzeugen in unserem Zentralbestand\u2026<\/p>\n<p>Gerne begr\u00fc\u00dfen wir Sie vor Ort zu einem pers\u00f6nlichen Gespr\u00e4ch\u2026<\/p>\n<p>Ulf-Heinrich Gerecke<\/p>\n<p>-Inhaber-<\/p>\n<\/div>\n<p><img decoding=\"async\" src=\"\/wp-content\/uploads\/2020\/12\/Historie1..png\" alt=\"\"><\/p>\n<h1>1902<\/h1>\n<div>\n<p>Im Jahre 1902 gr\u00fcndete Ingenieur Ferdinand Gerecke die Firma <br \/>als kleine mechanische Werkstatt f\u00fcr N\u00e4hmaschinen, <br \/>Fahrr\u00e4der und Petroleumlampen.<\/p>\n<\/div>\n<hr>\n<h1>1930<\/h1>\n<div>\n<p>Als dann 1930 Heinz Gerecke die kleine Werkstatt \u00fcbernahm, <br \/>begann er mit dem Vertragshandel von NSU-Fahrr\u00e4dern und Motorr\u00e4dern.<\/p>\n<\/div>\n<p><img decoding=\"async\" src=\"\/wp-content\/uploads\/2020\/12\/Historie2.png\" alt=\"\"><\/p>\n<hr>\n<p><img decoding=\"async\" src=\"\/wp-content\/uploads\/2020\/12\/Historie3.png\" alt=\"\"><\/p>\n<h1>nach dem 2.Weltkrieg<\/h1>\n<div>\n<p>Der eigentliche Aufbau der heute so bekannten Firma begann nach dem 2.Weltkrieg.<br \/>In der errichteten Werkstatt wurden unter Aufsicht und mit Genehmigung <br \/>der russischen Besatzungsmacht vom Lanz-Bulldog bis zum Holzvergaser alles repariert.<\/p>\n<\/div>\n<hr>\n<h1>1977<\/h1>\n<div>\n<p>Im Jahre 1977 \u00fcbernahm Kfz-Meister Uwe Gerecke die Firma und f\u00fchrte sie sicher <br \/>durch die oft schwierige Versorgungslage in unseren Landen.<\/p>\n<\/div>\n<p><img decoding=\"async\" src=\"\/wp-content\/uploads\/2020\/12\/Historie4.png\" alt=\"\"><\/p>\n<hr>\n<p><img decoding=\"async\" src=\"\/wp-content\/uploads\/2021\/01\/Auto_AHG.png\" alt=\"\"><\/p>\n<h1>1992<\/h1>\n<div>\n<p>Die alte Werkstatt in der Ortslage Ilfeld wurde schnell zu klein, ein neues gro\u00dfz\u00fcgig angelegtes Autohaus, welches 1992 Gewerbegebiet des Ortes fertiggestellt wurde,<br \/>bietet seitdem allen Kunden und Interessenten den gewohnten Service an.<\/p>\n<\/div>\n<hr>\n<h1>2011<\/h1>\n<div>\n<p>Im Jahr 2011 \u00fcbernimmt die 4. Generation, Ulf-Heinrich Gerecke,\u00a0 die Geschicke der Firma und f\u00fchrt diese am bekannten Standort weiter.\u00a0<\/p>\n<\/div>\n<p><img decoding=\"async\" src=\"\/wp-content\/uploads\/2021\/01\/AHG_1.png\" alt=\"\"><\/p>\n<hr>\n<p><!--more--><br \/>\n<!-- {\"type\":\"layout\",\"children\":[{\"type\":\"section\",\"props\":{\"image_position\":\"center-center\",\"padding_remove_top\":true,\"style\":\"default\",\"title_breakpoint\":\"xl\",\"title_position\":\"top-left\",\"title_rotation\":\"left\",\"vertical_align\":\"middle\",\"width\":\"\"},\"children\":[{\"type\":\"row\",\"children\":[{\"type\":\"column\",\"props\":{\"image_position\":\"center-center\",\"position_sticky_breakpoint\":\"m\"},\"children\":[{\"type\":\"overlay\",\"props\":{\"content\":\"\n\n<h1>Familie Gerecke<br \\\/>zuverl\\u00e4ssig seit 4 Generationen...<\\\/h1>\",\"image\":\"wp-content\\\/uploads\\\/2024\\\/09\\\/2-scaled.jpg\",\"image_box_decoration\":\"shadow\",\"image_height\":\"700\",\"image_width\":\"2500\",\"link_style\":\"default\",\"link_text\":\"Read more\",\"margin\":\"default\",\"meta_align\":\"below-title\",\"meta_element\":\"div\",\"meta_style\":\"text-meta\",\"overlay_hover\":false,\"overlay_mode\":\"cover\",\"overlay_position\":\"bottom-left\",\"overlay_style\":\"overlay-default\",\"overlay_transition\":\"fade\",\"text_align\":\"\",\"text_color\":\"\",\"title\":\"\",\"title_element\":\"h3\",\"title_hover_style\":\"reset\",\"title_style\":\"heading-medium\"}}]}]},{\"type\":\"row\",\"children\":[{\"type\":\"column\",\"props\":{\"image_position\":\"center-center\",\"position_sticky_breakpoint\":\"m\"}}]},{\"type\":\"row\",\"children\":[{\"type\":\"column\",\"props\":{\"image_position\":\"center-center\",\"position_sticky_breakpoint\":\"m\"},\"children\":[{\"type\":\"headline\",\"props\":{\"content\":\"\",\"margin_remove_bottom\":false,\"title_element\":\"h1\"}},{\"type\":\"divider\",\"props\":{\"divider_element\":\"hr\",\"margin_remove_bottom\":true}},{\"type\":\"headline\",\"props\":{\"content\":\"\n\n<p>Von der N\\u00e4hmaschinenwerkstatt zum Renault-Vertragsh\\u00e4ndler<\\\/p>\",\"margin\":\"small\",\"title_element\":\"h1\",\"title_style\":\"heading-small\"}},{\"type\":\"text\",\"props\":{\"column_breakpoint\":\"m\",\"content\":\"\n\n<p>Das Autohaus\\u00a0 Gerecke\\u00a0 ist ein inhabergef\\u00fchrtes Autohaus mit Tradition und Leidenschaft. Seit \\u00fcber 30 Jahren sind wir Renault Vertragspartner, dazu haben wir seit 15 Jahren die Marke Dacia etabliert. Wir\\u00a0 handeln dazu mit Gebrauchtwagen aller Fabrikate. Unsere Werkstatt lebt Tag f\\u00fcr Tag den Service-Gedanken, immer gew\\u00fcrzt mit einer Prise famili\\u00e4rer Atmosph\\u00e4re. Dabei arbeiten wir mit einer modernen Ausstattung und immer nach Herstellervorgaben. Unser Autopro-Konzept l\\u00e4dt Besitzer aller Fahrzeughersteller in unserer Werkstatt ein, auch hier k\\u00f6nnen Sie sich auf exzellenten Service verlassen.<\\\/p>\\n\n\n<p>Neben unserer Hauptmarke Renault f\\u00fchren wir auch das vollst\\u00e4ndige Programm an Dacia-Neuwagen. Eine zus\\u00e4tzliche St\\u00e4rke ist neben unserem Fahrzeugbestand in Harztor, der schnelle Zugriff auf\\u00a0 verschiedener Neuwagen, Vorf\\u00fchrwagen, Dienstwagen, Jahreswagen und Gebrauchten im Top-Zustand. Entdecken Sie eine\\u00a0 riesige Auswahl von \\u00fcber 600 Fahrzeugen in unserem Zentralbestand\\u2026<\\\/p>\\n\n\n<p>Gerne begr\\u00fc\\u00dfen wir Sie vor Ort zu einem pers\\u00f6nlichen Gespr\\u00e4ch\\u2026<\\\/p>\\n\n\n<p>Ulf-Heinrich Gerecke<\\\/p>\\n\n\n<p>-Inhaber-<\\\/p>\",\"margin\":\"default\"}}]}],\"props\":{\"margin\":\"large\",\"width\":\"xlarge\"}}]},{\"type\":\"section\",\"props\":{\"image_position\":\"center-center\",\"style\":\"muted\",\"title_breakpoint\":\"xl\",\"title_position\":\"top-left\",\"title_rotation\":\"left\",\"vertical_align\":\"middle\",\"width\":\"default\"},\"children\":[{\"type\":\"row\",\"props\":{\"layout\":\"1-3,2-3\"},\"children\":[{\"type\":\"column\",\"props\":{\"image_position\":\"center-center\",\"position_sticky_breakpoint\":\"m\",\"width_medium\":\"1-3\"},\"children\":[{\"type\":\"image\",\"props\":{\"image\":\"wp-content\\\/uploads\\\/2020\\\/12\\\/Historie1..png\",\"image_box_decoration\":\"shadow\",\"image_svg_color\":\"emphasis\",\"margin\":\"default\",\"text_align\":\"right\"}}]},{\"type\":\"column\",\"props\":{\"image_position\":\"center-center\",\"position_sticky_breakpoint\":\"m\",\"width_medium\":\"2-3\"},\"children\":[{\"type\":\"headline\",\"props\":{\"content\":\"1902\",\"title_element\":\"h1\"}},{\"type\":\"text\",\"props\":{\"column_breakpoint\":\"m\",\"content\":\"\n\n<p>Im Jahre 1902 gr\\u00fcndete Ingenieur Ferdinand Gerecke die Firma <br \\\/>als kleine mechanische Werkstatt f\\u00fcr N\\u00e4hmaschinen, <br \\\/>Fahrr\\u00e4der und Petroleumlampen.<\\\/p>\",\"margin\":\"default\"}}]}]},{\"type\":\"row\",\"children\":[{\"type\":\"column\",\"props\":{\"image_position\":\"center-center\",\"position_sticky_breakpoint\":\"m\"},\"children\":[{\"type\":\"divider\",\"props\":{\"divider_element\":\"hr\"}}]}]},{\"type\":\"row\",\"props\":{\"layout\":\"2-3,1-3\"},\"children\":[{\"type\":\"column\",\"props\":{\"image_position\":\"center-center\",\"position_sticky_breakpoint\":\"m\",\"width_medium\":\"2-3\"},\"children\":[{\"type\":\"headline\",\"props\":{\"content\":\"1930\",\"title_element\":\"h1\"}},{\"type\":\"text\",\"props\":{\"column_breakpoint\":\"m\",\"content\":\"\n\n<p>Als dann 1930 Heinz Gerecke die kleine Werkstatt \\u00fcbernahm, <br \\\/>begann er mit dem Vertragshandel von NSU-Fahrr\\u00e4dern und Motorr\\u00e4dern.<\\\/p>\",\"margin\":\"default\"}}]},{\"type\":\"column\",\"props\":{\"image_position\":\"center-center\",\"position_sticky_breakpoint\":\"m\",\"width_medium\":\"1-3\"},\"children\":[{\"type\":\"image\",\"props\":{\"image\":\"wp-content\\\/uploads\\\/2020\\\/12\\\/Historie2.png\",\"image_box_decoration\":\"shadow\",\"image_svg_color\":\"emphasis\",\"margin\":\"default\",\"text_align\":\"right\"}}]}]},{\"type\":\"row\",\"children\":[{\"type\":\"column\",\"props\":{\"image_position\":\"center-center\",\"position_sticky_breakpoint\":\"m\"},\"children\":[{\"type\":\"divider\",\"props\":{\"divider_element\":\"hr\"}}]}]},{\"type\":\"row\",\"props\":{\"layout\":\"1-3,2-3\"},\"children\":[{\"type\":\"column\",\"props\":{\"image_position\":\"center-center\",\"position_sticky_breakpoint\":\"m\",\"width_medium\":\"1-3\"},\"children\":[{\"type\":\"image\",\"props\":{\"image\":\"wp-content\\\/uploads\\\/2020\\\/12\\\/Historie3.png\",\"image_box_decoration\":\"shadow\",\"image_svg_color\":\"emphasis\",\"margin\":\"default\",\"text_align\":\"left\"}}]},{\"type\":\"column\",\"props\":{\"image_position\":\"center-center\",\"position_sticky_breakpoint\":\"m\",\"width_medium\":\"2-3\"},\"children\":[{\"type\":\"headline\",\"props\":{\"content\":\"nach dem 2.Weltkrieg\",\"title_element\":\"h1\"}},{\"type\":\"text\",\"props\":{\"column_breakpoint\":\"m\",\"content\":\"\n\n<p>Der eigentliche Aufbau der heute so bekannten Firma begann nach dem 2.Weltkrieg.<br \\\/>In der errichteten Werkstatt wurden unter Aufsicht und mit Genehmigung <br \\\/>der russischen Besatzungsmacht vom Lanz-Bulldog bis zum Holzvergaser alles repariert.<\\\/p>\",\"margin\":\"default\"}}]}]},{\"type\":\"row\",\"children\":[{\"type\":\"column\",\"props\":{\"image_position\":\"center-center\",\"position_sticky_breakpoint\":\"m\"},\"children\":[{\"type\":\"divider\",\"props\":{\"divider_element\":\"hr\"}}]}]},{\"type\":\"row\",\"props\":{\"layout\":\"2-3,1-3\"},\"children\":[{\"type\":\"column\",\"props\":{\"image_position\":\"center-center\",\"position_sticky_breakpoint\":\"m\",\"width_medium\":\"2-3\"},\"children\":[{\"type\":\"headline\",\"props\":{\"content\":\"1977\",\"title_element\":\"h1\"}},{\"type\":\"text\",\"props\":{\"column_breakpoint\":\"m\",\"content\":\"\n\n<p>Im Jahre 1977 \\u00fcbernahm Kfz-Meister Uwe Gerecke die Firma und f\\u00fchrte sie sicher <br \\\/>durch die oft schwierige Versorgungslage in unseren Landen.<\\\/p>\",\"margin\":\"default\"}}]},{\"type\":\"column\",\"props\":{\"image_position\":\"center-center\",\"position_sticky_breakpoint\":\"m\",\"width_medium\":\"1-3\"},\"children\":[{\"type\":\"image\",\"props\":{\"image\":\"wp-content\\\/uploads\\\/2020\\\/12\\\/Historie4.png\",\"image_box_decoration\":\"shadow\",\"image_svg_color\":\"emphasis\",\"margin\":\"default\",\"text_align\":\"right\"}}]}]},{\"type\":\"row\",\"children\":[{\"type\":\"column\",\"props\":{\"image_position\":\"center-center\",\"position_sticky_breakpoint\":\"m\"},\"children\":[{\"type\":\"divider\",\"props\":{\"divider_element\":\"hr\"}}]}]},{\"type\":\"row\",\"props\":{\"layout\":\"1-3,2-3\"},\"children\":[{\"type\":\"column\",\"props\":{\"image_position\":\"center-center\",\"position_sticky_breakpoint\":\"m\",\"width_medium\":\"1-3\"},\"children\":[{\"type\":\"image\",\"props\":{\"image\":\"wp-content\\\/uploads\\\/2021\\\/01\\\/Auto_AHG.png\",\"image_box_decoration\":\"shadow\",\"image_svg_color\":\"emphasis\",\"margin\":\"default\",\"text_align\":\"left\"}}]},{\"type\":\"column\",\"props\":{\"image_position\":\"center-center\",\"position_sticky_breakpoint\":\"m\",\"width_medium\":\"2-3\"},\"children\":[{\"type\":\"headline\",\"props\":{\"content\":\"1992\",\"title_element\":\"h1\"}},{\"type\":\"text\",\"props\":{\"column_breakpoint\":\"m\",\"content\":\"\n\n<p>Die alte Werkstatt in der Ortslage Ilfeld wurde schnell zu klein, ein neues gro\\u00dfz\\u00fcgig angelegtes Autohaus, welches 1992 Gewerbegebiet des Ortes fertiggestellt wurde,<br \\\/>bietet seitdem allen Kunden und Interessenten den gewohnten Service an.<\\\/p>\",\"margin\":\"default\"}}]}]},{\"type\":\"row\",\"children\":[{\"type\":\"column\",\"props\":{\"image_position\":\"center-center\",\"position_sticky_breakpoint\":\"m\"},\"children\":[{\"type\":\"divider\",\"props\":{\"divider_element\":\"hr\"}}]}]},{\"type\":\"row\",\"props\":{\"layout\":\"2-3,1-3\"},\"children\":[{\"type\":\"column\",\"props\":{\"image_position\":\"center-center\",\"position_sticky_breakpoint\":\"m\",\"width_medium\":\"2-3\"},\"children\":[{\"type\":\"headline\",\"props\":{\"content\":\"2011\",\"title_element\":\"h1\"}},{\"type\":\"text\",\"props\":{\"column_breakpoint\":\"m\",\"content\":\"\n\n<p>Im Jahr 2011 \\u00fcbernimmt die 4. Generation, Ulf-Heinrich Gerecke,\\u00a0 die Geschicke der Firma und f\\u00fchrt diese am bekannten Standort weiter.\\u00a0<\\\/p>\",\"margin\":\"default\"}}]},{\"type\":\"column\",\"props\":{\"image_position\":\"center-center\",\"position_sticky_breakpoint\":\"m\",\"width_medium\":\"1-3\"},\"children\":[{\"type\":\"image\",\"props\":{\"image\":\"wp-content\\\/uploads\\\/2021\\\/01\\\/AHG_1.png\",\"image_box_decoration\":\"shadow\",\"image_svg_color\":\"emphasis\",\"margin\":\"default\",\"text_align\":\"right\"}}]}]},{\"type\":\"row\",\"children\":[{\"type\":\"column\",\"props\":{\"image_position\":\"center-center\",\"position_sticky_breakpoint\":\"m\"},\"children\":[{\"type\":\"divider\",\"props\":{\"divider_element\":\"hr\"}}]}]}]}],\"version\":\"4.3.5\"} --><\/p>\n","protected":false},"excerpt":{"rendered":"<p>Familie Gereckezuverl\u00e4ssig seit 4 Generationen&#8230; Von der N\u00e4hmaschinenwerkstatt zum Renault-Vertragsh\u00e4ndler Das Autohaus\u00a0 Gerecke\u00a0 ist ein inhabergef\u00fchrtes Autohaus mit Tradition und Leidenschaft. Seit \u00fcber 30 Jahren sind wir Renault Vertragspartner, dazu haben wir seit 15 Jahren die Marke Dacia etabliert. Wir\u00a0 handeln dazu mit Gebrauchtwagen aller Fabrikate. Unsere Werkstatt lebt Tag f\u00fcr Tag den Service-Gedanken, immer [&hellip;]<\/p>\n","protected":false},"author":1,"featured_media":0,"parent":0,"menu_order":0,"comment_status":"closed","ping_status":"closed","template":"","meta":{"footnotes":""},"class_list":["post-70","page","type-page","status-publish","hentry"],"yoast_head":"<!-- This site is optimized with the Yoast SEO plugin v20.1 - https:\/\/yoast.com\/wordpress\/plugins\/seo\/ -->\n<title>\u00dcber Uns - Autohaus Gerecke<\/title>\n<meta name=\"robots\" content=\"index, follow, max-snippet:-1, max-image-preview:large, max-video-preview:-1\" \/>\n<link rel=\"canonical\" href=\"https:\/\/autohaus-gerecke.de\/index.php\/ueber-uns\/\" \/>\n<meta property=\"og:locale\" content=\"de_DE\" \/>\n<meta property=\"og:type\" content=\"article\" \/>\n<meta property=\"og:title\" content=\"\u00dcber Uns - Autohaus Gerecke\" \/>\n<meta property=\"og:description\" content=\"Familie Gereckezuverl\u00e4ssig seit 4 Generationen&#8230; Von der N\u00e4hmaschinenwerkstatt zum Renault-Vertragsh\u00e4ndler Das Autohaus\u00a0 Gerecke\u00a0 ist ein inhabergef\u00fchrtes Autohaus mit Tradition und Leidenschaft. Seit \u00fcber 30 Jahren sind wir Renault Vertragspartner, dazu haben wir seit 15 Jahren die Marke Dacia etabliert. Wir\u00a0 handeln dazu mit Gebrauchtwagen aller Fabrikate. Unsere Werkstatt lebt Tag f\u00fcr Tag den Service-Gedanken, immer [&hellip;]\" \/>\n<meta property=\"og:url\" content=\"https:\/\/autohaus-gerecke.de\/index.php\/ueber-uns\/\" \/>\n<meta property=\"og:site_name\" content=\"Autohaus Gerecke\" \/>\n<meta property=\"article:modified_time\" content=\"2024-09-26T14:52:48+00:00\" \/>\n<meta name=\"twitter:card\" content=\"summary_large_image\" \/>\n<meta name=\"twitter:label1\" content=\"Gesch\u00e4tzte Lesezeit\" \/>\n\t<meta name=\"twitter:data1\" content=\"2\u00a0Minuten\" \/>\n<script type=\"application\/ld+json\" class=\"yoast-schema-graph\">{\"@context\":\"https:\/\/schema.org\",\"@graph\":[{\"@type\":\"WebPage\",\"@id\":\"https:\/\/autohaus-gerecke.de\/index.php\/ueber-uns\/\",\"url\":\"https:\/\/autohaus-gerecke.de\/index.php\/ueber-uns\/\",\"name\":\"\u00dcber Uns - Autohaus Gerecke\",\"isPartOf\":{\"@id\":\"https:\/\/autohaus-gerecke.de\/#website\"},\"datePublished\":\"2020-11-09T15:43:49+00:00\",\"dateModified\":\"2024-09-26T14:52:48+00:00\",\"breadcrumb\":{\"@id\":\"https:\/\/autohaus-gerecke.de\/index.php\/ueber-uns\/#breadcrumb\"},\"inLanguage\":\"de\",\"potentialAction\":[{\"@type\":\"ReadAction\",\"target\":[\"https:\/\/autohaus-gerecke.de\/index.php\/ueber-uns\/\"]}]},{\"@type\":\"BreadcrumbList\",\"@id\":\"https:\/\/autohaus-gerecke.de\/index.php\/ueber-uns\/#breadcrumb\",\"itemListElement\":[{\"@type\":\"ListItem\",\"position\":1,\"name\":\"Home\",\"item\":\"https:\/\/autohaus-gerecke.de\/\"},{\"@type\":\"ListItem\",\"position\":2,\"name\":\"\u00dcber Uns\"}]},{\"@type\":\"WebSite\",\"@id\":\"https:\/\/autohaus-gerecke.de\/#website\",\"url\":\"https:\/\/autohaus-gerecke.de\/\",\"name\":\"Autohaus Gerecke\",\"description\":\"Renault- und Dacia-Partner \u2013 Freie KFZ-Werkstatt f\u00fcr alle Fabrikate\",\"potentialAction\":[{\"@type\":\"SearchAction\",\"target\":{\"@type\":\"EntryPoint\",\"urlTemplate\":\"https:\/\/autohaus-gerecke.de\/?s={search_term_string}\"},\"query-input\":\"required name=search_term_string\"}],\"inLanguage\":\"de\"}]}<\/script>\n<!-- \/ Yoast SEO plugin. -->","yoast_head_json":{"title":"\u00dcber Uns - Autohaus Gerecke","robots":{"index":"index","follow":"follow","max-snippet":"max-snippet:-1","max-image-preview":"max-image-preview:large","max-video-preview":"max-video-preview:-1"},"canonical":"https:\/\/autohaus-gerecke.de\/index.php\/ueber-uns\/","og_locale":"de_DE","og_type":"article","og_title":"\u00dcber Uns - Autohaus Gerecke","og_description":"Familie Gereckezuverl\u00e4ssig seit 4 Generationen&#8230; Von der N\u00e4hmaschinenwerkstatt zum Renault-Vertragsh\u00e4ndler Das Autohaus\u00a0 Gerecke\u00a0 ist ein inhabergef\u00fchrtes Autohaus mit Tradition und Leidenschaft. Seit \u00fcber 30 Jahren sind wir Renault Vertragspartner, dazu haben wir seit 15 Jahren die Marke Dacia etabliert. Wir\u00a0 handeln dazu mit Gebrauchtwagen aller Fabrikate. Unsere Werkstatt lebt Tag f\u00fcr Tag den Service-Gedanken, immer [&hellip;]","og_url":"https:\/\/autohaus-gerecke.de\/index.php\/ueber-uns\/","og_site_name":"Autohaus Gerecke","article_modified_time":"2024-09-26T14:52:48+00:00","twitter_card":"summary_large_image","twitter_misc":{"Gesch\u00e4tzte Lesezeit":"2\u00a0Minuten"},"schema":{"@context":"https:\/\/schema.org","@graph":[{"@type":"WebPage","@id":"https:\/\/autohaus-gerecke.de\/index.php\/ueber-uns\/","url":"https:\/\/autohaus-gerecke.de\/index.php\/ueber-uns\/","name":"\u00dcber Uns - Autohaus Gerecke","isPartOf":{"@id":"https:\/\/autohaus-gerecke.de\/#website"},"datePublished":"2020-11-09T15:43:49+00:00","dateModified":"2024-09-26T14:52:48+00:00","breadcrumb":{"@id":"https:\/\/autohaus-gerecke.de\/index.php\/ueber-uns\/#breadcrumb"},"inLanguage":"de","potentialAction":[{"@type":"ReadAction","target":["https:\/\/autohaus-gerecke.de\/index.php\/ueber-uns\/"]}]},{"@type":"BreadcrumbList","@id":"https:\/\/autohaus-gerecke.de\/index.php\/ueber-uns\/#breadcrumb","itemListElement":[{"@type":"ListItem","position":1,"name":"Home","item":"https:\/\/autohaus-gerecke.de\/"},{"@type":"ListItem","position":2,"name":"\u00dcber Uns"}]},{"@type":"WebSite","@id":"https:\/\/autohaus-gerecke.de\/#website","url":"https:\/\/autohaus-gerecke.de\/","name":"Autohaus Gerecke","description":"Renault- und Dacia-Partner \u2013 Freie KFZ-Werkstatt f\u00fcr alle Fabrikate","potentialAction":[{"@type":"SearchAction","target":{"@type":"EntryPoint","urlTemplate":"https:\/\/autohaus-gerecke.de\/?s={search_term_string}"},"query-input":"required name=search_term_string"}],"inLanguage":"de"}]}},"_links":{"self":[{"href":"https:\/\/autohaus-gerecke.de\/index.php\/wp-json\/wp\/v2\/pages\/70","targetHints":{"allow":["GET"]}}],"collection":[{"href":"https:\/\/autohaus-gerecke.de\/index.php\/wp-json\/wp\/v2\/pages"}],"about":[{"href":"https:\/\/autohaus-gerecke.de\/index.php\/wp-json\/wp\/v2\/types\/page"}],"author":[{"embeddable":true,"href":"https:\/\/autohaus-gerecke.de\/index.php\/wp-json\/wp\/v2\/users\/1"}],"replies":[{"embeddable":true,"href":"https:\/\/autohaus-gerecke.de\/index.php\/wp-json\/wp\/v2\/comments?post=70"}],"version-history":[{"count":62,"href":"https:\/\/autohaus-gerecke.de\/index.php\/wp-json\/wp\/v2\/pages\/70\/revisions"}],"predecessor-version":[{"id":1496,"href":"https:\/\/autohaus-gerecke.de\/index.php\/wp-json\/wp\/v2\/pages\/70\/revisions\/1496"}],"wp:attachment":[{"href":"https:\/\/autohaus-gerecke.de\/index.php\/wp-json\/wp\/v2\/media?parent=70"}],"curies":[{"name":"wp","href":"https:\/\/api.w.org\/{rel}","templated":true}]}}